{"id":318,"date":"2014-12-02T12:15:34","date_gmt":"2014-12-02T11:15:34","guid":{"rendered":"http:\/\/www.epoi.org\/?page_id=318"},"modified":"2020-10-14T20:05:59","modified_gmt":"2020-10-14T18:05:59","slug":"318-2","status":"publish","type":"page","link":"https:\/\/www.epoi.org\/?page_id=318","title":{"rendered":"Loowoldborg"},"content":{"rendered":"<figure id=\"attachment_135\" aria-describedby=\"caption-attachment-135\" style=\"width: 704px\" class=\"wp-caption aligncenter\"><a href=\"http:\/\/www.epoi.org\/wp-content\/uploads\/2014\/10\/DSCN9837a.jpg\"><img loading=\"lazy\" decoding=\"async\" class=\"wp-image-135 size-full\" src=\"http:\/\/www.epoi.org\/wp-content\/uploads\/2014\/10\/DSCN9837a.jpg\" alt=\"\" width=\"704\" height=\"263\" srcset=\"https:\/\/www.epoi.org\/wp-content\/uploads\/2014\/10\/DSCN9837a.jpg 704w, https:\/\/www.epoi.org\/wp-content\/uploads\/2014\/10\/DSCN9837a-300x112.jpg 300w\" sizes=\"auto, (max-width: 704px) 100vw, 704px\" \/><\/a><figcaption id=\"caption-attachment-135\" class=\"wp-caption-text\">foto: Karen Mulders<\/figcaption><\/figure>\n<p><span style=\"color: #ff6600;\"><strong>LOOWOLDBORG<\/strong><\/span><\/p>\n<p>In het slaperige dorp Loowoldborg lijkt niet veel te gebeuren; \u2019s nachts hoor je alleen de wind en de dieren, bij een enkel raam gesnurk en gezucht. Maar achter al die keurige geveltjes gaan geheimen schuil, verlangens van liefde en haat, gulheid en hebzucht. In de bloemkoolvormige witte schimmelhuizen woonwijk, waar elk navigatiesysteem op hol slaat, slaapt mevrouw Koch en droomt van haar zoon Timmy, ver weg in de woestijn. In het huis aan het Koningskanaal, slaapt mevrouw Foxel-Diksen, twee maal weduwe, en trilt en schokt in haar geschuurde slaap. Ook mijnheer Waldo, tweehonderdveertig pond mijnheer Waldo, slaapt met onder zijn hoofd een fles jenever en droomt van zijn moeder, die hem zo vaak betrapte, woelt daardoor zijn vettige bed tot een rattennest. Als de eerste zonnestralen het dorp wakker kussen, komt er langzaam leven en beweging; de valse postbode, de verdroogde juf, de sjoemelende slager, de langzaam naar de afgrond glijdende eigenaar van de laatste manufacturenwinkel en alle andere inwoners staan \u00e9\u00e9n voor \u00e9\u00e9n op en beginnen aan de dag, zonder verwachtingen maar met een sprankje hoop op een verrassing, passie, spanning of sensatie. \u00a0E Poi laat u zien, maar vooral horen, wat er op \u2019n dag maar ook in \u2019n nacht voorvalt.\u00a0Laat u meevoeren in de po\u00ebzie, de schoonheid, de alledaagsheid maar ook in de onderbewuste kwellingen en verlangens van de inwoners van zo maar een Drents dorp.<\/p>\n<p>Deze voorstelling kan nog geboekt worden!<\/p>\n<p>&nbsp;<\/p>\n","protected":false},"excerpt":{"rendered":"<p>LOOWOLDBORG In het slaperige dorp Loowoldborg lijkt niet veel te gebeuren; \u2019s nachts hoor je alleen de wind en de dieren, bij een enkel raam gesnurk en gezucht. Maar achter al die keurige geveltjes gaan geheimen schuil, verlangens van liefde en haat, gulheid en hebzucht. In de bloemkoolvormige witte schimmelhuizen woonwijk, waar elk navigatiesysteem op &hellip; <a href=\"https:\/\/www.epoi.org\/?page_id=318\" class=\"more-link\">Lees verder <span class=\"screen-reader-text\">Loowoldborg<\/span> <span class=\"meta-nav\">&rarr;<\/span><\/a><\/p>\n","protected":false},"author":3,"featured_media":0,"parent":388,"menu_order":34,"comment_status":"closed","ping_status":"open","template":"","meta":{"footnotes":""},"class_list":["post-318","page","type-page","status-publish","hentry"],"_links":{"self":[{"href":"https:\/\/www.epoi.org\/index.php?rest_route=\/wp\/v2\/pages\/318","targetHints":{"allow":["GET"]}}],"collection":[{"href":"https:\/\/www.epoi.org\/index.php?rest_route=\/wp\/v2\/pages"}],"about":[{"href":"https:\/\/www.epoi.org\/index.php?rest_route=\/wp\/v2\/types\/page"}],"author":[{"embeddable":true,"href":"https:\/\/www.epoi.org\/index.php?rest_route=\/wp\/v2\/users\/3"}],"replies":[{"embeddable":true,"href":"https:\/\/www.epoi.org\/index.php?rest_route=%2Fwp%2Fv2%2Fcomments&post=318"}],"version-history":[{"count":4,"href":"https:\/\/www.epoi.org\/index.php?rest_route=\/wp\/v2\/pages\/318\/revisions"}],"predecessor-version":[{"id":401,"href":"https:\/\/www.epoi.org\/index.php?rest_route=\/wp\/v2\/pages\/318\/revisions\/401"}],"up":[{"embeddable":true,"href":"https:\/\/www.epoi.org\/index.php?rest_route=\/wp\/v2\/pages\/388"}],"wp:attachment":[{"href":"https:\/\/www.epoi.org\/index.php?rest_route=%2Fwp%2Fv2%2Fmedia&parent=318"}],"curies":[{"name":"wp","href":"https:\/\/api.w.org\/{rel}","templated":true}]}}