{"id":431,"date":"2015-01-30T21:07:52","date_gmt":"2015-01-30T20:07:52","guid":{"rendered":"http:\/\/www.epoi.org\/?page_id=431"},"modified":"2020-10-14T20:05:59","modified_gmt":"2020-10-14T18:05:59","slug":"zero-tolerantie","status":"publish","type":"page","link":"https:\/\/www.epoi.org\/?page_id=431","title":{"rendered":"Zero Tolerantie"},"content":{"rendered":"<p><img loading=\"lazy\" decoding=\"async\" class=\"wp-image-434 size-large\" src=\"http:\/\/www.epoi.org\/wp-content\/uploads\/2015\/01\/16-2-1024x559.jpg\" alt=\"16-2\" width=\"474\" height=\"259\" srcset=\"https:\/\/www.epoi.org\/wp-content\/uploads\/2015\/01\/16-2-1024x559.jpg 1024w, https:\/\/www.epoi.org\/wp-content\/uploads\/2015\/01\/16-2-300x164.jpg 300w\" sizes=\"auto, (max-width: 474px) 100vw, 474px\" \/><br \/>\nfoto&#8217;s: Anneke Bloema<\/p>\n<p><a href=\"http:\/\/www.epoi.org\/wp-content\/uploads\/2015\/01\/flyer-voor.jpg\"><img loading=\"lazy\" decoding=\"async\" class=\"alignleft wp-image-439 size-full\" src=\"http:\/\/www.epoi.org\/wp-content\/uploads\/2015\/01\/flyer-voor.jpg\" alt=\"flyer voor\" width=\"583\" height=\"816\" srcset=\"https:\/\/www.epoi.org\/wp-content\/uploads\/2015\/01\/flyer-voor.jpg 583w, https:\/\/www.epoi.org\/wp-content\/uploads\/2015\/01\/flyer-voor-214x300.jpg 214w\" sizes=\"auto, (max-width: 583px) 100vw, 583px\" \/><\/a><br \/>\n<a href=\"http:\/\/www.epoi.org\/wp-content\/uploads\/2015\/01\/ZeroTolerance-Origineel-017.jpg\"><img loading=\"lazy\" decoding=\"async\" class=\"alignleft wp-image-433 size-large\" src=\"http:\/\/www.epoi.org\/wp-content\/uploads\/2015\/01\/ZeroTolerance-Origineel-017-768x1024.jpg\" alt=\"ZeroTolerance Origineel 017\" width=\"474\" height=\"632\" srcset=\"https:\/\/www.epoi.org\/wp-content\/uploads\/2015\/01\/ZeroTolerance-Origineel-017-768x1024.jpg 768w, https:\/\/www.epoi.org\/wp-content\/uploads\/2015\/01\/ZeroTolerance-Origineel-017-225x300.jpg 225w\" sizes=\"auto, (max-width: 474px) 100vw, 474px\" \/><\/a><a href=\"http:\/\/www.epoi.org\/wp-content\/uploads\/2015\/01\/ZeroTolerance-Origineel-005.jpg\"><img loading=\"lazy\" decoding=\"async\" class=\"alignleft wp-image-436 size-large\" src=\"http:\/\/www.epoi.org\/wp-content\/uploads\/2015\/01\/ZeroTolerance-Origineel-005-1024x683.jpg\" alt=\"ZeroTolerance Origineel 005\" width=\"474\" height=\"316\" srcset=\"https:\/\/www.epoi.org\/wp-content\/uploads\/2015\/01\/ZeroTolerance-Origineel-005-1024x683.jpg 1024w, https:\/\/www.epoi.org\/wp-content\/uploads\/2015\/01\/ZeroTolerance-Origineel-005-300x200.jpg 300w\" sizes=\"auto, (max-width: 474px) 100vw, 474px\" \/><\/a><br \/>\nI<strong>RGENDWO<\/strong><\/p>\n<p>Irgendwo auf der Welt gibts ein kleines bi\u00dfchen Gl\u00fcck,<br \/>\nUnd ich tr\u00e4um davon in jedem Augenblick.<br \/>\nIrgendwo auf der Welt gibts ein bi\u00dfchen Seligkeit,<br \/>\nUnd ich tr\u00e4um davon schon lange lange Zeit.<br \/>\nWenn ich w\u00fc\u00dft, wo das ist, ging ich in die Welt hinein,<br \/>\nDenn ich m\u00f6cht einmal recht, so von Herzen gl\u00fccklich sein.<br \/>\nIrgendwo auf der Welt f\u00e4ngt mein Weg zum Himmel an;<br \/>\nIrgendwo, irgendwie, irgendwann.<\/p>\n<p>Ich hab so Sehnsucht, ich tr\u00e4um so oft<br \/>\nEinst wird das Gl\u00fcck mir nah sein.<br \/>\nIch hab so Sehnsucht, ich hab gehofft,<br \/>\nBald wird die Stunde da sein.<br \/>\nTage und N\u00e4chte wart ich darauf:<br \/>\nIch geb die Hoffnung niemals auf.<\/p>\n<p>Irgendwo auf der Welt gibts ein kleines bi\u00dfchen Gl\u00fcck,<br \/>\nUnd ich tr\u00e4um davon in jedem Augenblick.<br \/>\nIrgendwo auf der Welt gibts ein bi\u00dfchen Seligkeit,<br \/>\nUnd ich tr\u00e4um davon schon lange lange Zeit.<br \/>\nWenn ich w\u00fc\u00dft, wo das ist, ging ich in die Welt hinein,<br \/>\nDenn ich m\u00f6cht einmal recht, so von Herzen gl\u00fccklich sein.<br \/>\nIrgendwo auf der Welt f\u00e4ngt mein Weg zum Himmel an;<br \/>\nIrgendwo, irgendwie, irgendwann.<br \/>\nIrgendwo, irgendwie, irgendwann.<\/p>\n<p><a href=\"http:\/\/www.epoi.org\/wp-content\/uploads\/2015\/01\/flyer-achter.jpg\"><img loading=\"lazy\" decoding=\"async\" class=\"alignleft wp-image-438 size-full\" src=\"http:\/\/www.epoi.org\/wp-content\/uploads\/2015\/01\/flyer-achter.jpg\" alt=\"flyer achter\" width=\"584\" height=\"815\" srcset=\"https:\/\/www.epoi.org\/wp-content\/uploads\/2015\/01\/flyer-achter.jpg 584w, https:\/\/www.epoi.org\/wp-content\/uploads\/2015\/01\/flyer-achter-215x300.jpg 215w\" sizes=\"auto, (max-width: 584px) 100vw, 584px\" \/><\/a><\/p>\n","protected":false},"excerpt":{"rendered":"<p>foto&#8217;s: Anneke Bloema IRGENDWO Irgendwo auf der Welt gibts ein kleines bi\u00dfchen Gl\u00fcck, Und ich tr\u00e4um davon in jedem Augenblick. Irgendwo auf der Welt gibts ein bi\u00dfchen Seligkeit, Und ich tr\u00e4um davon schon lange lange Zeit. Wenn ich w\u00fc\u00dft, wo das ist, ging ich in die Welt hinein, Denn ich m\u00f6cht einmal recht, so von &hellip; <a href=\"https:\/\/www.epoi.org\/?page_id=431\" class=\"more-link\">Lees verder <span class=\"screen-reader-text\">Zero Tolerantie<\/span> <span class=\"meta-nav\">&rarr;<\/span><\/a><\/p>\n","protected":false},"author":3,"featured_media":0,"parent":388,"menu_order":37,"comment_status":"closed","ping_status":"open","template":"","meta":{"footnotes":""},"class_list":["post-431","page","type-page","status-publish","hentry"],"_links":{"self":[{"href":"https:\/\/www.epoi.org\/index.php?rest_route=\/wp\/v2\/pages\/431","targetHints":{"allow":["GET"]}}],"collection":[{"href":"https:\/\/www.epoi.org\/index.php?rest_route=\/wp\/v2\/pages"}],"about":[{"href":"https:\/\/www.epoi.org\/index.php?rest_route=\/wp\/v2\/types\/page"}],"author":[{"embeddable":true,"href":"https:\/\/www.epoi.org\/index.php?rest_route=\/wp\/v2\/users\/3"}],"replies":[{"embeddable":true,"href":"https:\/\/www.epoi.org\/index.php?rest_route=%2Fwp%2Fv2%2Fcomments&post=431"}],"version-history":[{"count":4,"href":"https:\/\/www.epoi.org\/index.php?rest_route=\/wp\/v2\/pages\/431\/revisions"}],"predecessor-version":[{"id":441,"href":"https:\/\/www.epoi.org\/index.php?rest_route=\/wp\/v2\/pages\/431\/revisions\/441"}],"up":[{"embeddable":true,"href":"https:\/\/www.epoi.org\/index.php?rest_route=\/wp\/v2\/pages\/388"}],"wp:attachment":[{"href":"https:\/\/www.epoi.org\/index.php?rest_route=%2Fwp%2Fv2%2Fmedia&parent=431"}],"curies":[{"name":"wp","href":"https:\/\/api.w.org\/{rel}","templated":true}]}}